{"id":373,"date":"2020-07-04T12:03:49","date_gmt":"2020-07-04T10:03:49","guid":{"rendered":"https:\/\/www.forum-bassin.com\/ebw\/?page_id=373"},"modified":"2020-07-05T15:11:16","modified_gmt":"2020-07-05T13:11:16","slug":"plantes","status":"publish","type":"page","link":"https:\/\/www.forum-bassin.com\/ebw\/plantes\/","title":{"rendered":"Plantes"},"content":{"rendered":"\n<h2>Introduction<\/h2>\n\n\n\n<p>Ce Guide des plantes de bassin est un travail collaboratif des membres du site Forum-Bassin.<\/p>\n\n\n\n<p>Quelles plantes choisir&nbsp;?<\/p>\n\n\n\n<p>O\u00f9 les planter&nbsp;?<\/p>\n\n\n\n<p>A quelle profondeur&nbsp;? Dans quel substrat&nbsp;?<\/p>\n\n\n\n<p>Ce guide est l\u00e0 pour vous aider \u00e0 r\u00e9pondre \u00e0 ces questions afin que votre bassin devienne un havre de contemplation et de plaisir.<\/p>\n\n\n\n<h2>Fiches g\u00e9n\u00e9rales<\/h2>\n\n\n\n<p>Chaque plante a ses besoins en terme de profondeur d&rsquo;eau, de substrat. Comment planter et entretenir un n\u00e9nuphar, un lotus ou une plante flottante.<\/p>\n\n\n\n<p>Des fiches conseil sont l\u00e0 pour vous aider.<\/p>\n\n\n\n<p><a href=\"http:\/\/www.forum-bassin.com\/eb\/index.php?title=Introduction_et_utilit%C3%A9_des_plantes_de_bassin&amp;action=edit&amp;redlink=1\">Introduction et utilit\u00e9 des plantes de bassin<\/a><\/p>\n\n\n\n<p><a href=\"http:\/\/www.forum-bassin.com\/eb\/index.php?title=Diff%C3%A9rentes_fa%C3%A7ons_de_planter&amp;action=edit&amp;redlink=1\">Diff\u00e9rentes fa\u00e7ons de planter<\/a><\/p>\n\n\n\n<p><a href=\"http:\/\/www.forum-bassin.com\/eb\/index.php?title=Planter_%C3%A0_quelle_profondeur&amp;action=edit&amp;redlink=1\">Planter \u00e0 quelle profondeur<\/a><\/p>\n\n\n\n<p><a href=\"http:\/\/www.forum-bassin.com\/eb\/index.php?title=Plantation_et_entretien_d%27un_n%C3%A9nuphar\">Plantation et entretien d&rsquo;un n\u00e9nuphar<\/a><\/p>\n\n\n\n<p><a href=\"http:\/\/www.forum-bassin.com\/eb\/index.php?title=Plantation_et_entretien_d%27un_lotus&amp;action=edit&amp;redlink=1\">Plantation et entretien d&rsquo;un lotus<\/a><\/p>\n\n\n\n<p><a href=\"http:\/\/www.forum-bassin.com\/eb\/index.php?title=Planter_en_lagunage&amp;action=edit&amp;redlink=1\">Planter en lagunage<\/a><\/p>\n\n\n\n<h2>Utilisations &amp; plantations<\/h2>\n\n\n\n<h2>Exemples de r\u00e9alisations<\/h2>\n\n\n\n<h2>Berge \u00e0 10 cm de profondeur<\/h2>\n\n\n\n<p><a href=\"https:\/\/www.forum-bassin.com\/ebw\/bletilla-striata\/\">Bletilla Striata<\/a><\/p>\n\n\n\n<h2>De 10 \u00e0 20 cm de profondeur<\/h2>\n\n\n\n<h2>De 20 \u00e0 50 cm de profondeur<\/h2>\n\n\n\n<p><a href=\"https:\/\/www.forum-bassin.com\/ebw\/pontederia-cordata\/\">Pontederia cordata<\/a><\/p>\n\n\n\n<p><a href=\"http:\/\/www.forum-bassin.com\/eb\/index.php?title=Thalia_dealbata\">Thalia dealbata<\/a><\/p>\n\n\n\n<p><a href=\"http:\/\/www.forum-bassin.com\/eb\/index.php?title=Jacinthe_d%27eau\">Jacinthe d&rsquo;eau<\/a><\/p>\n\n\n\n<h2>A partir de 50 cm de profondeur<\/h2>\n\n\n\n<p><a href=\"http:\/\/www.forum-bassin.com\/eb\/index.php?title=Thalia_dealbata\">Thalia dealbata<\/a><\/p>\n\n\n\n<h2>N\u00e9nuphars et Lotus<\/h2>\n\n\n\n<h2>Flottantes<\/h2>\n\n\n\n<p><a href=\"http:\/\/www.forum-bassin.com\/eb\/index.php?title=Lentilles_d%27eau\">Lentilles d&rsquo;eau<\/a><\/p>\n\n\n\n<h2>Oxyg\u00e9nantes<\/h2>\n\n\n\n<h2>Invasives<\/h2>\n\n\n\n<p><a href=\"http:\/\/www.forum-bassin.com\/eb\/index.php?title=Plantes_invasives_en_mare_et_%C3%A9tang\">Plantes invasives en mare et \u00e9tang<\/a><\/p>\n","protected":false},"excerpt":{"rendered":"<p>Introduction Ce Guide des plantes de bassin est un travail collaboratif des membres du site Forum-Bassin. Quelles plantes choisir&nbsp;? O\u00f9<\/p>\n","protected":false},"author":1,"featured_media":0,"parent":0,"menu_order":0,"comment_status":"closed","ping_status":"closed","template":"","meta":{"spay_email":""},"jetpack_sharing_enabled":true,"_links":{"self":[{"href":"https:\/\/www.forum-bassin.com\/ebw\/wp-json\/wp\/v2\/pages\/373"}],"collection":[{"href":"https:\/\/www.forum-bassin.com\/ebw\/wp-json\/wp\/v2\/pages"}],"about":[{"href":"https:\/\/www.forum-bassin.com\/ebw\/wp-json\/wp\/v2\/types\/page"}],"author":[{"embeddable":true,"href":"https:\/\/www.forum-bassin.com\/ebw\/wp-json\/wp\/v2\/users\/1"}],"replies":[{"embeddable":true,"href":"https:\/\/www.forum-bassin.com\/ebw\/wp-json\/wp\/v2\/comments?post=373"}],"version-history":[{"count":3,"href":"https:\/\/www.forum-bassin.com\/ebw\/wp-json\/wp\/v2\/pages\/373\/revisions"}],"predecessor-version":[{"id":477,"href":"https:\/\/www.forum-bassin.com\/ebw\/wp-json\/wp\/v2\/pages\/373\/revisions\/477"}],"wp:attachment":[{"href":"https:\/\/www.forum-bassin.com\/ebw\/wp-json\/wp\/v2\/media?parent=373"}],"curies":[{"name":"wp","href":"https:\/\/api.w.org\/{rel}","templated":true}]}}