{"id":369,"date":"2020-07-04T11:59:07","date_gmt":"2020-07-04T09:59:07","guid":{"rendered":"https:\/\/www.forum-bassin.com\/ebw\/?page_id=369"},"modified":"2020-07-06T11:42:19","modified_gmt":"2020-07-06T09:42:19","slug":"les-carpes-koi","status":"publish","type":"page","link":"https:\/\/www.forum-bassin.com\/ebw\/les-carpes-koi\/","title":{"rendered":"Les Carpes ko\u00ef"},"content":{"rendered":"\n<p>Ce Guide des Ko\u00ef est un travail collaboratif.<br>Les japonais ont s\u00e9lectionn\u00e9 de nombreuses vari\u00e9t\u00e9s de carpes ko\u00ef depuis plus d&rsquo;un si\u00e8cle. Ce guide est la pour vous aider \u00e0 reconna\u00eetre les crit\u00e8res de qualit\u00e9 des diff\u00e9rents ko\u00ef et \u00e0 faire votre choix entre les diff\u00e9rentes vari\u00e9t\u00e9s pour votre bassin.<\/p>\n\n\n\n<p>Ce portail a pour vocation de pr\u00e9senter les diff\u00e9rentes vari\u00e9t\u00e9s de carpes ko\u00ef.<\/p>\n\n\n\n<h2>Fiches g\u00e9n\u00e9rales<\/h2>\n\n\n\n<p><a href=\"https:\/\/www.forum-bassin.com\/ebw\/alimentation-de-la-carpe-koi\/\">Alimentation de la carpe Ko\u00ef<\/a><\/p>\n\n\n\n<p><a href=\"https:\/\/www.forum-bassin.com\/ebw\/la-reproduction-des-kois\/\">La reproduction des KO\u00cfS<\/a><\/p>\n\n\n\n<p><a href=\"https:\/\/www.forum-bassin.com\/ebw\/alimentation-de-la-carpe-koi\/\">Crit\u00e8res g\u00e9n\u00e9raux de s\u00e9lection<\/a><\/p>\n\n\n\n<p><a href=\"https:\/\/www.forum-bassin.com\/eb\/index.php?title=Lexique_des_termes_techniques\">Lexique des termes techniques<\/a><\/p>\n\n\n\n<p><a href=\"https:\/\/www.forum-bassin.com\/eb\/index.php?title=Les_maladies_des_Ko%C3%AFs\">Les maladies des Ko\u00efs. Par koiconnect<\/a><\/p>\n\n\n\n<p><a href=\"https:\/\/www.forum-bassin.com\/eb\/index.php?title=La_maladie_du_sommeil\">La maladie du sommeil. Par Les Naiades<\/a><\/p>\n\n\n\n<h2>Les diff\u00e9rentes vari\u00e9t\u00e9s de ko\u00ef : Guide \u00e9labor\u00e9 par Ren\u00e9 Szkudlarek \/ Ardec60 pour Forum Bassin<\/h2>\n\n\n\n<p><a href=\"https:\/\/www.forum-bassin.com\/eb\/index.php?title=Aka-Hajiro\">Aka-Hajiro<\/a><\/p>\n\n\n\n<p><a href=\"https:\/\/www.forum-bassin.com\/eb\/index.php?title=Asagi\">Asagi<\/a><\/p>\n\n\n\n<p><a href=\"https:\/\/www.forum-bassin.com\/eb\/index.php?title=Bekko\">Bekko<\/a><\/p>\n\n\n\n<p><a href=\"https:\/\/www.forum-bassin.com\/eb\/index.php?title=Benigoi\">Benigoi<\/a><\/p>\n\n\n\n<p><a href=\"https:\/\/www.forum-bassin.com\/eb\/index.php?title=Chago%C3%AF\">Chago\u00ef<\/a><\/p>\n\n\n\n<p><a href=\"https:\/\/www.forum-bassin.com\/eb\/index.php?title=Ginga\">Ginga<\/a><\/p>\n\n\n\n<p><a href=\"https:\/\/www.forum-bassin.com\/eb\/index.php?title=Goromo\">Goromo<\/a><\/p>\n\n\n\n<p><a href=\"https:\/\/www.forum-bassin.com\/eb\/index.php?title=Goshiki\">Goshiki<\/a><\/p>\n\n\n\n<p><a href=\"https:\/\/www.forum-bassin.com\/eb\/index.php?title=Hageshiro\">Hageshiro<\/a><\/p>\n\n\n\n<p><a href=\"https:\/\/www.forum-bassin.com\/eb\/index.php?title=Hajiro\">Hajiro<\/a><\/p>\n\n\n\n<p><a href=\"https:\/\/www.forum-bassin.com\/eb\/index.php?title=Hariwake\">Hariwake<\/a><\/p>\n\n\n\n<p><a href=\"https:\/\/www.forum-bassin.com\/eb\/index.php?title=Heisei_Nishiki\">Heisei Nishiki<\/a><\/p>\n\n\n\n<p><a href=\"https:\/\/www.forum-bassin.com\/eb\/index.php?title=Karashigo%C3%AF\">Karashigo\u00ef<\/a><\/p>\n\n\n\n<p><a href=\"https:\/\/www.forum-bassin.com\/eb\/index.php?title=Karasugo%C3%AF\">Karasugo\u00ef<\/a><\/p>\n\n\n\n<p><a href=\"https:\/\/www.forum-bassin.com\/eb\/index.php?title=Kigo%C3%AF\">Kigo\u00ef<\/a><\/p>\n\n\n\n<p><a href=\"https:\/\/www.forum-bassin.com\/eb\/index.php?title=Kikusui\">Kikusui<\/a><\/p>\n\n\n\n<p><a href=\"https:\/\/www.forum-bassin.com\/eb\/index.php?title=Kikokuryu\">Kikokuryu<\/a><\/p>\n\n\n\n<p><a href=\"https:\/\/www.forum-bassin.com\/eb\/index.php?title=Kohaku\">Kohaku<\/a><\/p>\n\n\n\n<p><a href=\"https:\/\/www.forum-bassin.com\/eb\/index.php?title=Kumonryu\">Kumonryu<\/a><\/p>\n\n\n\n<p><a href=\"https:\/\/www.forum-bassin.com\/eb\/index.php?title=Kujaku\">Kujaku<\/a><\/p>\n\n\n\n<p><a href=\"https:\/\/www.forum-bassin.com\/eb\/index.php?title=Matsuba\">Matsuba<\/a><\/p>\n\n\n\n<p><a href=\"https:\/\/www.forum-bassin.com\/eb\/index.php?title=Matsukawabake\">Matsukawabake<\/a><\/p>\n\n\n\n<p><a href=\"https:\/\/www.forum-bassin.com\/eb\/index.php?title=Midorigo%C3%AF\">Midorigo\u00ef<\/a><\/p>\n\n\n\n<p><a href=\"https:\/\/www.forum-bassin.com\/eb\/index.php?title=Ochiba_Chigure\">Ochiba Chigure<\/a><\/p>\n\n\n\n<p><a href=\"https:\/\/www.forum-bassin.com\/eb\/index.php?title=Purachina_Ogon\">Purachina Ogon<\/a><\/p>\n\n\n\n<p><a href=\"https:\/\/www.forum-bassin.com\/eb\/index.php?title=Sanke\">Sanke<\/a><\/p>\n\n\n\n<p><a href=\"https:\/\/www.forum-bassin.com\/eb\/index.php?title=Showa\">Showa<\/a><\/p>\n\n\n\n<p><a href=\"https:\/\/www.forum-bassin.com\/eb\/index.php?title=Shusui\">Shusui<\/a><\/p>\n\n\n\n<p><a href=\"https:\/\/www.forum-bassin.com\/eb\/index.php?title=Sorago%C3%AF\">Sorago\u00ef<\/a><\/p>\n\n\n\n<p><a href=\"https:\/\/www.forum-bassin.com\/eb\/index.php?title=Sumi-Nagashi\">Sumi-Nagashi<\/a><\/p>\n\n\n\n<p><a href=\"https:\/\/www.forum-bassin.com\/eb\/index.php?title=Utsurimono\">Utsurimono<\/a><\/p>\n\n\n\n<p><a href=\"https:\/\/www.forum-bassin.com\/eb\/index.php?title=Yamabuki_Ogon\">Yamabuki Ogon<\/a><\/p>\n\n\n\n<p><a href=\"https:\/\/www.forum-bassin.com\/eb\/index.php?title=Yamato_Nishiki\">Yamato Nishiki<\/a><\/p>\n","protected":false},"excerpt":{"rendered":"<p>Ce Guide des Ko\u00ef est un travail collaboratif.Les japonais ont s\u00e9lectionn\u00e9 de nombreuses vari\u00e9t\u00e9s de carpes ko\u00ef depuis plus d&rsquo;un<\/p>\n","protected":false},"author":1,"featured_media":0,"parent":0,"menu_order":0,"comment_status":"closed","ping_status":"closed","template":"","meta":{"spay_email":""},"jetpack_sharing_enabled":true,"_links":{"self":[{"href":"https:\/\/www.forum-bassin.com\/ebw\/wp-json\/wp\/v2\/pages\/369"}],"collection":[{"href":"https:\/\/www.forum-bassin.com\/ebw\/wp-json\/wp\/v2\/pages"}],"about":[{"href":"https:\/\/www.forum-bassin.com\/ebw\/wp-json\/wp\/v2\/types\/page"}],"author":[{"embeddable":true,"href":"https:\/\/www.forum-bassin.com\/ebw\/wp-json\/wp\/v2\/users\/1"}],"replies":[{"embeddable":true,"href":"https:\/\/www.forum-bassin.com\/ebw\/wp-json\/wp\/v2\/comments?post=369"}],"version-history":[{"count":5,"href":"https:\/\/www.forum-bassin.com\/ebw\/wp-json\/wp\/v2\/pages\/369\/revisions"}],"predecessor-version":[{"id":530,"href":"https:\/\/www.forum-bassin.com\/ebw\/wp-json\/wp\/v2\/pages\/369\/revisions\/530"}],"wp:attachment":[{"href":"https:\/\/www.forum-bassin.com\/ebw\/wp-json\/wp\/v2\/media?parent=369"}],"curies":[{"name":"wp","href":"https:\/\/api.w.org\/{rel}","templated":true}]}}