{"id":12,"date":"2020-06-30T16:04:19","date_gmt":"2020-06-30T14:04:19","guid":{"rendered":"https:\/\/www.forum-bassin.com\/ebw\/?page_id=12"},"modified":"2020-07-02T17:49:35","modified_gmt":"2020-07-02T15:49:35","slug":"le-nouveau-e-mucem-ouvre-ses-portes-2","status":"publish","type":"page","link":"https:\/\/www.forum-bassin.com\/ebw\/","title":{"rendered":"La nouvelle Encyclop\u00e9die du Bassin arrive"},"content":{"rendered":"\t\t<div data-elementor-type=\"wp-page\" data-elementor-id=\"12\" class=\"elementor elementor-12\">\n\t\t\t\t\t\t<div class=\"elementor-inner\">\n\t\t\t\t<div class=\"elementor-section-wrap\">\n\t\t\t\t\t\t\t\t\t<section class=\"elementor-section elementor-top-section elementor-element elementor-element-e40ed40 elementor-section-boxed elementor-section-height-default elementor-section-height-default\" data-id=\"e40ed40\" data-element_type=\"section\">\n\t\t\t\t\t\t<div class=\"elementor-container elementor-column-gap-default\">\n\t\t\t\t\t\t\t<div class=\"elementor-row\">\n\t\t\t\t\t<div class=\"elementor-column elementor-col-100 elementor-top-column elementor-element elementor-element-24f9781d\" data-id=\"24f9781d\" data-element_type=\"column\">\n\t\t\t<div class=\"elementor-column-wrap elementor-element-populated\">\n\t\t\t\t\t\t\t<div class=\"elementor-widget-wrap\">\n\t\t\t\t\t\t<div class=\"elementor-element elementor-element-1456aff3 elementor-widget elementor-widget-text-editor\" data-id=\"1456aff3\" data-element_type=\"widget\" data-widget_type=\"text-editor.default\">\n\t\t\t\t<div class=\"elementor-widget-container\">\n\t\t\t\t\t\t\t\t<div class=\"elementor-text-editor elementor-clearfix\">\n\t\t\t\t<p><!-- wp:group {\"align\":\"wide\"} --><\/p>\n<div class=\"wp-block-group alignwide\">\n<div class=\"wp-block-group__inner-container\">\n<p><!-- wp:heading {\"align\":\"center\"} --><\/p>\n<h5 class=\"has-text-align-center\">D\u00e9couvrez les articles au sein des cat\u00e9gories suivantes<\/h5>\n<p><!-- \/wp:heading --><\/p>\n<\/div>\n<\/div>\n<p><!-- \/wp:group --><!-- wp:columns {\"align\":\"wide\"} --><\/p>\n<div class=\"wp-block-columns alignwide\">\n<p><!-- wp:column --><\/p>\n<div class=\"wp-block-column\">\n<p><!-- wp:group --><\/p>\n<div class=\"wp-block-group\">\n<div class=\"wp-block-group__inner-container\">\n<p><!-- wp:image {\"align\":\"full\",\"id\":37,\"sizeSlug\":\"full\"} --><\/p>\n<figure class=\"wp-block-image alignfull size-full\"><img class=\"wp-image-37\" src=\"https:\/\/i2.wp.com\/www.forum-bassin.com\/ebw\/wp-content\/themes\/twentytwenty\/assets\/images\/2020-three-quarters-1.png?w=800&#038;ssl=1\" alt=\"\" data-recalc-dims=\"1\" \/><\/figure>\n<p><!-- \/wp:image --><!-- wp:heading {\"level\":3} --><\/p>\n<h4><strong>Construction &amp; entretien<\/strong><\/h4>\n<p><!-- \/wp:heading --><!-- wp:paragraph --><\/p>\n<p>Petits mots d&rsquo;accroche\/pr\u00e9sentation<\/p>\n<p><!-- \/wp:paragraph --><!-- wp:button {\"backgroundColor\":\"pale-cyan-blue\",\"textColor\":\"very-dark-gray\",\"borderRadius\":0,\"className\":\"is-style-fill\"} --><\/p>\n<div class=\"wp-block-button is-style-fill\"><span style=\"color: #ffffff;\"><a class=\"wp-block-button__link has-text-color has-very-dark-gray-color has-background has-pale-cyan-blue-background-color no-border-radius\" style=\"color: #ffffff;\" href=\"https:\/\/www.forum-bassin.com\/ebw\/la-construction-et-lentretien-dun-bassin\/\">Lire la suite<\/a><\/span><\/div>\n<div>\u00a0<\/div>\n<p><!-- \/wp:button --><\/p>\n<\/div>\n<\/div>\n<p><!-- \/wp:group --><!-- wp:group --><\/p>\n<div class=\"wp-block-group\">\n<div class=\"wp-block-group__inner-container\">\n<p><!-- wp:image {\"align\":\"full\",\"id\":37,\"sizeSlug\":\"full\"} --><\/p>\n<figure class=\"wp-block-image alignfull size-full\"><img class=\"wp-image-37\" src=\"https:\/\/i1.wp.com\/www.forum-bassin.com\/ebw\/wp-content\/themes\/twentytwenty\/assets\/images\/2020-three-quarters-3.png?w=800&#038;ssl=1\" alt=\"\" data-recalc-dims=\"1\" \/><\/figure>\n<p><!-- \/wp:image --><!-- wp:heading {\"level\":3} --><\/p>\n<h4><strong>Faune<\/strong><\/h4>\n<p><!-- \/wp:heading --><!-- wp:paragraph --><\/p>\n<p>Petits mots d&rsquo;accroche\/pr\u00e9sentation<\/p>\n<p><!-- \/wp:paragraph --><!-- wp:button {\"backgroundColor\":\"pale-cyan-blue\",\"textColor\":\"very-dark-gray\",\"borderRadius\":0,\"className\":\"is-style-fill\"} --><\/p>\n<div class=\"wp-block-button is-style-fill\"><span style=\"color: #ffffff;\"><a class=\"wp-block-button__link has-text-color has-very-dark-gray-color has-background has-pale-cyan-blue-background-color no-border-radius\" style=\"color: #ffffff;\" href=\"https:\/\/make.wordpress.org\/core\/2019\/09\/27\/block-editor-theme-related-updates-in-wordpress-5-3\/\">Lire la suite<\/a><\/span><\/div>\n<div>\u00a0<\/div>\n<p><!-- \/wp:button --><!-- wp:image {\"align\":\"full\",\"id\":37,\"sizeSlug\":\"full\"} --><\/p>\n<figure class=\"wp-block-image alignfull size-full\"><img class=\"wp-image-37\" src=\"https:\/\/i1.wp.com\/www.forum-bassin.com\/ebw\/wp-content\/themes\/twentytwenty\/assets\/images\/2020-three-quarters-3.png?w=800&#038;ssl=1\" alt=\"\" data-recalc-dims=\"1\" \/><\/figure>\n<p><!-- \/wp:image --><!-- wp:heading {\"level\":3} --><\/p>\n<h4><strong>L&rsquo;eau<\/strong><\/h4>\n<p><!-- \/wp:heading --><!-- wp:paragraph --><\/p>\n<p>Param\u00e8tres, probl\u00e8mes rencontr\u00e9s<\/p>\n<p><!-- \/wp:paragraph --><!-- wp:buttons --><\/p>\n<div class=\"wp-block-buttons\">\n<p><!-- wp:button {\"backgroundColor\":\"pale-cyan-blue\",\"textColor\":\"very-dark-gray\",\"borderRadius\":0,\"className\":\"is-style-fill\"} --><\/p>\n<div class=\"wp-block-button is-style-fill\"><span style=\"color: #ffffff;\"><a class=\"wp-block-button__link has-text-color has-very-dark-gray-color has-background has-pale-cyan-blue-background-color no-border-radius\" style=\"color: #ffffff;\">lire la suite<\/a><\/span><\/div>\n<div>\u00a0<\/div>\n<p><!-- \/wp:button --><\/p>\n<\/div>\n<p><!-- \/wp:buttons --><\/p>\n<\/div>\n<\/div>\n<p><!-- \/wp:group --><!-- wp:paragraph --><\/p>\n<p><!-- \/wp:paragraph --><\/p>\n<\/div>\n<p><!-- \/wp:column --><!-- wp:column --><\/p>\n<div class=\"wp-block-column\">\n<p><!-- wp:group --><\/p>\n<div class=\"wp-block-group\">\n<div class=\"wp-block-group__inner-container\">\n<p><!-- wp:image {\"align\":\"full\",\"id\":37,\"sizeSlug\":\"full\"} --><\/p>\n<figure class=\"wp-block-image alignfull size-full\"><img class=\"wp-image-37\" src=\"https:\/\/i2.wp.com\/www.forum-bassin.com\/ebw\/wp-content\/themes\/twentytwenty\/assets\/images\/2020-three-quarters-2.png?w=800&#038;ssl=1\" alt=\"\" data-recalc-dims=\"1\" \/><\/figure>\n<p><!-- \/wp:image --><!-- wp:heading {\"level\":3} --><\/p>\n<h4><strong>Guide des Carpes Ko\u00ef<\/strong><\/h4>\n<p><!-- \/wp:heading --><!-- wp:paragraph --><\/p>\n<p>Petits mots d&rsquo;accroche\/pr\u00e9sentation<\/p>\n<p><!-- \/wp:paragraph --><!-- wp:button {\"backgroundColor\":\"pale-cyan-blue\",\"textColor\":\"very-dark-gray\",\"borderRadius\":0,\"className\":\"is-style-fill\"} --><\/p>\n<div class=\"wp-block-button is-style-fill\"><span style=\"color: #ffffff;\"><a class=\"wp-block-button__link has-text-color has-very-dark-gray-color has-background has-pale-cyan-blue-background-color no-border-radius\" style=\"color: #ffffff;\" href=\"https:\/\/make.wordpress.org\/core\/2019\/09\/27\/block-editor-theme-related-updates-in-wordpress-5-3\/\">Lire la suite<\/a><\/span><\/div>\n<div>\u00a0<\/div>\n<p><!-- \/wp:button --><\/p>\n<\/div>\n<\/div>\n<p><!-- \/wp:group --><!-- wp:group --><\/p>\n<div class=\"wp-block-group\">\n<div class=\"wp-block-group__inner-container\">\n<p><!-- wp:image {\"align\":\"full\",\"id\":37,\"sizeSlug\":\"full\"} --><\/p>\n<figure class=\"wp-block-image alignfull size-full\"><img class=\"wp-image-37\" src=\"https:\/\/i2.wp.com\/www.forum-bassin.com\/ebw\/wp-content\/themes\/twentytwenty\/assets\/images\/2020-three-quarters-4.png?w=800&#038;ssl=1\" alt=\"\" data-recalc-dims=\"1\" \/><\/figure>\n<p><!-- \/wp:image --><!-- wp:heading {\"level\":3} --><\/p>\n<h4><strong>Plantes du bassin<\/strong><\/h4>\n<p><!-- \/wp:heading --><!-- wp:paragraph --><\/p>\n<p>Petits mots d&rsquo;accroche\/pr\u00e9sentation<\/p>\n<p><!-- \/wp:paragraph --><!-- wp:button {\"backgroundColor\":\"pale-cyan-blue\",\"textColor\":\"very-dark-gray\",\"borderRadius\":0,\"className\":\"is-style-fill\"} --><\/p>\n<div class=\"wp-block-button is-style-fill\"><span style=\"color: #ffffff;\"><a class=\"wp-block-button__link has-text-color has-very-dark-gray-color has-background has-pale-cyan-blue-background-color no-border-radius\" style=\"color: #ffffff;\" href=\"https:\/\/make.wordpress.org\/core\/2019\/09\/27\/block-editor-theme-related-updates-in-wordpress-5-3\/\">Lire la suite<\/a><\/span><\/div>\n<div>\u00a0<\/div>\n<p><!-- \/wp:button --><!-- wp:image {\"align\":\"full\",\"id\":37,\"sizeSlug\":\"full\"} --><\/p>\n<figure class=\"wp-block-image alignfull size-full\"><img class=\"wp-image-37\" src=\"https:\/\/i2.wp.com\/www.forum-bassin.com\/ebw\/wp-content\/themes\/twentytwenty\/assets\/images\/2020-three-quarters-4.png?w=800&#038;ssl=1\" alt=\"\" data-recalc-dims=\"1\" \/><\/figure>\n<p><!-- \/wp:image --><!-- wp:heading {\"level\":3} --><\/p>\n<h4><strong>Cat\u00e9gorie vide ???<\/strong><\/h4>\n<p><!-- \/wp:heading --><!-- wp:paragraph --><\/p>\n<p>Petits mots d&rsquo;accroche\/pr\u00e9sentation<\/p>\n<p><!-- \/wp:paragraph --><!-- wp:buttons --><\/p>\n<div class=\"wp-block-buttons\">\n<p><!-- wp:button {\"backgroundColor\":\"pale-cyan-blue\",\"textColor\":\"very-dark-gray\",\"borderRadius\":0,\"className\":\"is-style-fill\"} --><\/p>\n<div class=\"wp-block-button is-style-fill\"><span style=\"color: #ffffff;\"><a class=\"wp-block-button__link has-text-color has-very-dark-gray-color has-background has-pale-cyan-blue-background-color no-border-radius\" style=\"color: #ffffff;\">lire la suite<\/a><\/span><\/div>\n<p><!-- \/wp:button --><\/p>\n<\/div>\n<p><!-- \/wp:buttons --><\/p>\n<\/div>\n<\/div>\n<p><!-- \/wp:group --><\/p>\n<\/div>\n<p><!-- \/wp:column --><\/p>\n<\/div>\n<p><!-- \/wp:columns --><!-- wp:paragraph --><\/p>\n<p>\u00a0<\/p>\n<p>\u00a0<\/p>\n<p><!-- \/wp:paragraph --><!-- wp:image {\"align\":\"full\",\"id\":37,\"sizeSlug\":\"full\"} --><\/p>\n<figure class=\"wp-block-image alignfull size-full\"><img class=\"wp-image-37\" src=\"https:\/\/i1.wp.com\/www.forum-bassin.com\/ebw\/wp-content\/themes\/twentytwenty\/assets\/images\/2020-landscape-2.png?w=800&#038;ssl=1\" alt=\"\" data-recalc-dims=\"1\" \/><\/figure>\n<p><!-- \/wp:image --><!-- wp:group {\"align\":\"wide\"} --><\/p>\n<div class=\"wp-block-group alignwide\">\n<div class=\"wp-block-group__inner-container\">\n<p><!-- wp:heading {\"align\":\"center\",\"textColor\":\"accent\"} --><\/p>\n<h2 class=\"has-accent-color has-text-color has-text-align-center\"><span style=\"font-family: 'Open Sans', sans-serif; font-size: 38px; font-weight: normal;\">Devenez membre et partagez avec des passionn\u00e9s !<\/span><\/h2>\n<\/div>\n<\/div>\n<div class=\"wp-block-group alignwide has-background\" style=\"background-color: #ffffff;\">\n<div class=\"wp-block-group__inner-container\">\n<div class=\"wp-block-group\">\n<div class=\"wp-block-group__inner-container\">\n<p><!-- \/wp:paragraph --><!-- wp:button {\"align\":\"center\"} --><\/p>\n<div class=\"wp-block-button aligncenter\"><a class=\"wp-block-button__link\" href=\"http:\/\/www.forum-bassin.com\/forum\">Rejoignez le forum<\/a><\/div>\n<p><!-- \/wp:button --><\/p>\n<\/div>\n<\/div>\n<p><!-- \/wp:group --><\/p>\n<\/div>\n<\/div>\n<p><!-- \/wp:group --><!-- wp:gallery {\"ids\":[39,38],\"align\":\"wide\"} --><\/p>\n<figure class=\"wp-block-gallery alignwide columns-2 is-cropped\">\n<ul class=\"blocks-gallery-grid\">\n<li class=\"blocks-gallery-item\">\n<figure><img class=\"wp-image-39\" src=\"https:\/\/i0.wp.com\/www.forum-bassin.com\/ebw\/wp-content\/themes\/twentytwenty\/assets\/images\/2020-square-2.png?w=800&#038;ssl=1\" alt=\"\" data-id=\"39\" data-full-url=\"https:\/\/i0.wp.com\/www.forum-bassin.com\/ebw\/wp-content\/themes\/twentytwenty\/assets\/images\/2020-square-2.png?w=800&#038;ssl=1\" data-link=\"assets\/images\/2020-square-2\/\" data-recalc-dims=\"1\" \/><\/figure>\n<\/li>\n<li class=\"blocks-gallery-item\">\n<figure><img class=\"wp-image-38\" src=\"https:\/\/i0.wp.com\/www.forum-bassin.com\/ebw\/wp-content\/themes\/twentytwenty\/assets\/images\/2020-square-1.png?w=800&#038;ssl=1\" alt=\"\" data-id=\"38\" data-full-url=\"https:\/\/i0.wp.com\/www.forum-bassin.com\/ebw\/wp-content\/themes\/twentytwenty\/assets\/images\/2020-square-1.png?w=800&#038;ssl=1\" data-link=\"https:\/\/www.forum-bassin.com\/ebw\/wp-content\/themes\/twentytwenty\/assets\/images\/2020-square-1\/\" data-recalc-dims=\"1\" \/><\/figure>\n<\/li>\n<\/ul>\n<\/figure>\n<p><!-- \/wp:gallery --><\/p>\t\t\t\t\t<\/div>\n\t\t\t\t\t\t<\/div>\n\t\t\t\t<\/div>\n\t\t\t\t\t\t<\/div>\n\t\t\t\t\t<\/div>\n\t\t<\/div>\n\t\t\t\t\t\t\t\t<\/div>\n\t\t\t\t\t<\/div>\n\t\t<\/section>\n\t\t\t\t\t\t\t\t\t<\/div>\n\t\t\t<\/div>\n\t\t\t\t\t<\/div>\n\t\t","protected":false},"excerpt":{"rendered":"<p>\u00a0 \u00a0<\/p>\n","protected":false},"author":1,"featured_media":0,"parent":0,"menu_order":0,"comment_status":"closed","ping_status":"closed","template":"","meta":{"spay_email":""},"jetpack_sharing_enabled":true,"_links":{"self":[{"href":"https:\/\/www.forum-bassin.com\/ebw\/wp-json\/wp\/v2\/pages\/12"}],"collection":[{"href":"https:\/\/www.forum-bassin.com\/ebw\/wp-json\/wp\/v2\/pages"}],"about":[{"href":"https:\/\/www.forum-bassin.com\/ebw\/wp-json\/wp\/v2\/types\/page"}],"author":[{"embeddable":true,"href":"https:\/\/www.forum-bassin.com\/ebw\/wp-json\/wp\/v2\/users\/1"}],"replies":[{"embeddable":true,"href":"https:\/\/www.forum-bassin.com\/ebw\/wp-json\/wp\/v2\/comments?post=12"}],"version-history":[{"count":18,"href":"https:\/\/www.forum-bassin.com\/ebw\/wp-json\/wp\/v2\/pages\/12\/revisions"}],"predecessor-version":[{"id":127,"href":"https:\/\/www.forum-bassin.com\/ebw\/wp-json\/wp\/v2\/pages\/12\/revisions\/127"}],"wp:attachment":[{"href":"https:\/\/www.forum-bassin.com\/ebw\/wp-json\/wp\/v2\/media?parent=12"}],"curies":[{"name":"wp","href":"https:\/\/api.w.org\/{rel}","templated":true}]}}